{"id":401,"date":"2025-04-09T08:49:47","date_gmt":"2025-04-09T08:49:47","guid":{"rendered":"https:\/\/hempelglasmuseum.dk\/?page_id=401"},"modified":"2026-03-25T11:48:04","modified_gmt":"2026-03-25T11:48:04","slug":"frontpage-temporary","status":"publish","type":"page","link":"https:\/\/hempelglasmuseum.dk\/en\/","title":{"rendered":"Frontpage &#8211; Temporary"},"content":{"rendered":"\n<section class=\"wp-block-morningmodules-cover mt-cover mt-cover--white-text is-style-tall\"><div class=\"mt-cover__container\"><div class=\"mt-cover__overlay mt-cover__overlay--blend-mode-darken mt-cover__overlay--opacity-4\"><\/div><div class=\"mt-cover__image-container object-fit\"><img decoding=\"async\" class=\"\" src=\"https:\/\/hempelglasmuseum.dk\/wp-content\/uploads\/2025\/06\/Nyt-museum.jpg\" alt=\"\" style=\"object-position:center\"\/><\/div><div class=\"mt-cover__inner page-container\"><div class=\"mt-cover__text-container\"><p class=\"mt-tagline mt-cover__tagline\">Closed due to renovation until June 2027<\/p><h1 class=\"mt-title mt-cover__title\">NEW Hempel Glasmuseum 2027<\/h1>\n<p class=\"wp-block-paragraph\">Hempel Glasmuseum fulfills the vision of being a significant cultural-historical glass museum and a vibrant cultural hub in Odsherred<\/p>\n\n\n\n<div class=\"wp-block-buttons is-layout-flex wp-block-buttons-is-layout-flex\">\n<div class=\"wp-block-button\"><a class=\"wp-block-button__link wp-element-button\" href=\"#project\">New and Improved Spaces<\/a><\/div>\n\n\n\n<div class=\"wp-block-button is-style-secondary\"><a class=\"wp-block-button__link wp-element-button\" href=\"#vision\">From vision to reality<\/a><\/div>\n\n\n\n<div class=\"wp-block-button is-style-secondary-dark\"><a class=\"wp-block-button__link wp-element-button\" href=\"https:\/\/hempelglasmuseum.dk\/wp-content\/uploads\/2025\/06\/Nyt-museum.jpg\">See full size image<\/a><\/div>\n<\/div>\n<\/div><\/div><\/div><\/section>\n\n\n\n<section class=\"mtSpacing-top-medium mtSpacing-bottom-medium wp-block-morningmodules-text-media mt-text-media mt-text-media--align-media-left mt-text-media--align-media-mobile-bottom\" id=\"project\"><div class=\"mt-text-media__inner\"><div class=\"mt-text-media__media-container\"><img decoding=\"async\" class=\"\" src=\"https:\/\/hempelglasmuseum.dk\/wp-content\/uploads\/2025\/10\/C0306A14-76D5-47F0-B857-2EC5F2C96E1F.jpeg\" alt=\"\" style=\"object-position:center\"\/><\/div><div class=\"mt-text-media__text-container\"><p class=\"mt-tagline mt-text-media__tagline mt-tagline\">Hempel Glass Museum 2027<\/p><h2 class=\"mt-title mt-text-media__title mt-title\">New and Improved Spaces<\/h2>\n<p class=\"wp-block-paragraph\">A <strong>new roof<\/strong>, enhancing both the architecture and the overall <strong>spatial experience<\/strong>, creates visual harmony with the main building, while the <strong>addition of heating<\/strong> enabling the museum to stay open for more of the year.<br>The new roof, allows <strong>significantly larger and more frequent special exhibitions<\/strong> and <strong>cultural events<\/strong>.<br>The <strong>museum entrance<\/strong> will be relocated, offering a direct view of the Isefjord. From there, visitors will have immediate access to the <strong>entrance hall, shop, family workshop, and caf\u00e9.<\/strong><br><strong>Accessibility<\/strong> throughout the museum will be improved.<br><strong>A brand-new caf\u00e9<\/strong> will serve delicious food and drinks \u2014 all with uninterrupted views of the Isefjord.<br><strong>The museum reopens in June 2027<\/strong><br><em><sub>Process photos by Sweco Architcts<\/sub><\/em><\/p>\n\n\n\n<p class=\"wp-block-paragraph\"><\/p>\n<\/div><\/div><\/section>\n\n\n\n<section class=\"mtSpacing-top-large mtSpacing-bottom-large wp-block-morningmodules-text-link-boxes mt-text-link-boxes mt-text-link-boxes--mobile-slider is-style-bg-secondary\" id=\"vision\" data-count=\"3\"><div class=\"mt-text-link-boxes__video-container\"><video class=\"mt-text-link-boxes__video\" muted autoplay loop playsinline style=\"object-position:center\" src=\"https:\/\/hempelglasmuseum.dk\/wp-content\/uploads\/2025\/02\/f84c55f6c99f152dcd84fb0352743c108b698a25.mp4\"><\/video><\/div><div class=\"mt-text-link-boxes__wrapper\"><div class=\"mt-text-link-boxes__inner\"><div class=\"mt-text-link-boxes__text-container\"><p class=\"mt-tagline mt-text-link-boxes__tagline mt-tagline\">a vision comes to life<\/p><h2 class=\"mt-title mt-text-link-boxes__title mt-title\">A cultural center in Odsherred<\/h2><p class=\"mt-text-link-boxes__text\">Exhibitions, events, workshops, a caf\u00e9, a shop, and breathtaking nature<\/p><\/div><div class=\"mt-text-link-boxes__boxes-wrapper\"><div class=\"swiper\"><div class=\"swiper-wrapper\">\n<div class=\"wp-block-morningmodules-text-link-box mt-text-link-box swiper-slide\"><a href=\"https:\/\/hempelglasmuseum.dk\/en\/j-c-hempels-vision\/\" rel=\"noopener\" target=\"_self\" class=\"mt-text-link-box__link\"><\/a><div class=\"mt-text-link-box__title-container\"><div class=\"mt-text-link-box__icon-container\"><img decoding=\"async\" class=\"mt-text-link-box__icon\" src=\"https:\/\/hempelglasmuseum.dk\/wp-content\/uploads\/2025\/04\/fi-rr-binoculars.svg\" alt=\"\" style=\"object-position:center\"\/><\/div><h3 class=\"mt-title mt-text-link-box__title mt-title\">J. C. Hempel&#8217;s vision<\/h3><\/div><p class=\"mt-text-link-box__text\">A museum and cultural hub set in the most beautiful location by the Annebjerggaard manor \u2014 this was and is Hempel\u2019s gift to Odsherred<\/p><div class=\"mt-text-link-box__button-wrapper\"><div class=\"mt-text-link-box__button\">A Vision becomes reality<\/div><svg xmlns=\"http:\/\/www.w3.org\/2000\/svg\" width=\"18\" height=\"10\" viewBox=\"0 0 18 10\" fill=\"none\"><path d=\"M1 4.47876C0.654822 4.47876 0.375 4.75858 0.375 5.10376C0.375 5.44894 0.654822 5.72876 1 5.72876L1 4.47876ZM17.4419 5.5457C17.686 5.30163 17.686 4.9059 17.4419 4.66182L13.4645 0.684343C13.2204 0.440266 12.8247 0.440266 12.5806 0.684343C12.3365 0.928421 12.3365 1.32415 12.5806 1.56823L16.1161 5.10376L12.5806 8.63929C12.3365 8.88337 12.3365 9.2791 12.5806 9.52318C12.8247 9.76726 13.2204 9.76726 13.4645 9.52318L17.4419 5.5457ZM1 5.72876L17 5.72876L17 4.47876L1 4.47876L1 5.72876Z\"><\/path><\/svg><\/div><\/div>\n\n\n\n<div class=\"wp-block-morningmodules-text-link-box mt-text-link-box swiper-slide\"><a href=\"https:\/\/hempelglasmuseum.dk\/en\/the-museums-collections\/\" rel=\"noopener\" target=\"_self\" class=\"mt-text-link-box__link\"><\/a><div class=\"mt-text-link-box__title-container\"><div class=\"mt-text-link-box__icon-container\"><img decoding=\"async\" class=\"mt-text-link-box__icon\" src=\"https:\/\/hempelglasmuseum.dk\/wp-content\/uploads\/2025\/04\/fi-rr-wine-glass-empty.svg\" alt=\"\" style=\"object-position:center\"\/><\/div><h3 class=\"mt-title mt-text-link-box__title mt-title\">The museum&#8217;s collections<\/h3><\/div><p class=\"mt-text-link-box__text\">The largest collection of historic glass in the Nordic countries, a modern glass collection, the Heering glass collection, and Viggo Jarl sculptures \u2014 all on permanent display<\/p><div class=\"mt-text-link-box__button-wrapper\"><div class=\"mt-text-link-box__button\">Read about the Collections<\/div><svg xmlns=\"http:\/\/www.w3.org\/2000\/svg\" width=\"18\" height=\"10\" viewBox=\"0 0 18 10\" fill=\"none\"><path d=\"M1 4.47876C0.654822 4.47876 0.375 4.75858 0.375 5.10376C0.375 5.44894 0.654822 5.72876 1 5.72876L1 4.47876ZM17.4419 5.5457C17.686 5.30163 17.686 4.9059 17.4419 4.66182L13.4645 0.684343C13.2204 0.440266 12.8247 0.440266 12.5806 0.684343C12.3365 0.928421 12.3365 1.32415 12.5806 1.56823L16.1161 5.10376L12.5806 8.63929C12.3365 8.88337 12.3365 9.2791 12.5806 9.52318C12.8247 9.76726 13.2204 9.76726 13.4645 9.52318L17.4419 5.5457ZM1 5.72876L17 5.72876L17 4.47876L1 4.47876L1 5.72876Z\"><\/path><\/svg><\/div><\/div>\n\n\n\n<div class=\"wp-block-morningmodules-text-link-box mt-text-link-box swiper-slide\"><a href=\"https:\/\/hempelglasmuseum.dk\/en\/hempel-glass-award\/\" rel=\"noopener\" target=\"_self\" class=\"mt-text-link-box__link\"><\/a><div class=\"mt-text-link-box__title-container\"><div class=\"mt-text-link-box__icon-container\"><img decoding=\"async\" class=\"mt-text-link-box__icon\" src=\"https:\/\/hempelglasmuseum.dk\/wp-content\/uploads\/2025\/04\/fi-rr-trophy.svg\" alt=\"\" style=\"object-position:center\"\/><\/div><h3 class=\"mt-title mt-text-link-box__title mt-title\">The Hempel Glass prize<\/h3><\/div><p class=\"mt-text-link-box__text\">Since 1988, the Hempel Cultural Foundation has annually awarded a prize to a local glass artist who has made a significant contribution to glass art. The prize includes a sum of 100,000 DKK<\/p><div class=\"mt-text-link-box__button-wrapper\"><div class=\"mt-text-link-box__button\">Learn more about the prize<\/div><svg xmlns=\"http:\/\/www.w3.org\/2000\/svg\" width=\"18\" height=\"10\" viewBox=\"0 0 18 10\" fill=\"none\"><path d=\"M1 4.47876C0.654822 4.47876 0.375 4.75858 0.375 5.10376C0.375 5.44894 0.654822 5.72876 1 5.72876L1 4.47876ZM17.4419 5.5457C17.686 5.30163 17.686 4.9059 17.4419 4.66182L13.4645 0.684343C13.2204 0.440266 12.8247 0.440266 12.5806 0.684343C12.3365 0.928421 12.3365 1.32415 12.5806 1.56823L16.1161 5.10376L12.5806 8.63929C12.3365 8.88337 12.3365 9.2791 12.5806 9.52318C12.8247 9.76726 13.2204 9.76726 13.4645 9.52318L17.4419 5.5457ZM1 5.72876L17 5.72876L17 4.47876L1 4.47876L1 5.72876Z\"><\/path><\/svg><\/div><\/div>\n\n\n\n<div class=\"wp-block-morningmodules-text-link-box mt-text-link-box swiper-slide\"><a href=\"https:\/\/hempelglasmuseum.dk\/en\/spacious-and-open-minded-exhibitions\/\" rel=\"noopener\" target=\"_self\" class=\"mt-text-link-box__link\"><\/a><div class=\"mt-text-link-box__title-container\"><div class=\"mt-text-link-box__icon-container\"><img decoding=\"async\" class=\"mt-text-link-box__icon\" src=\"https:\/\/hempelglasmuseum.dk\/wp-content\/uploads\/2025\/04\/fi-rr-followcollection.svg\" alt=\"\" style=\"object-position:center\"\/><\/div><h3 class=\"mt-title mt-text-link-box__title mt-title\">High Ceilings, great exhibitions<\/h3><\/div><p class=\"mt-text-link-box__text\">The renovation of the former &#8216;atrium courtyard&#8217; provides both more and improved space for fantastic, immersive, and innovative special exhibitions<\/p><div class=\"mt-text-link-box__button-wrapper\"><div class=\"mt-text-link-box__button\">Take a sneak peek<\/div><svg xmlns=\"http:\/\/www.w3.org\/2000\/svg\" width=\"18\" height=\"10\" viewBox=\"0 0 18 10\" fill=\"none\"><path d=\"M1 4.47876C0.654822 4.47876 0.375 4.75858 0.375 5.10376C0.375 5.44894 0.654822 5.72876 1 5.72876L1 4.47876ZM17.4419 5.5457C17.686 5.30163 17.686 4.9059 17.4419 4.66182L13.4645 0.684343C13.2204 0.440266 12.8247 0.440266 12.5806 0.684343C12.3365 0.928421 12.3365 1.32415 12.5806 1.56823L16.1161 5.10376L12.5806 8.63929C12.3365 8.88337 12.3365 9.2791 12.5806 9.52318C12.8247 9.76726 13.2204 9.76726 13.4645 9.52318L17.4419 5.5457ZM1 5.72876L17 5.72876L17 4.47876L1 4.47876L1 5.72876Z\"><\/path><\/svg><\/div><\/div>\n\n\n\n<div class=\"wp-block-morningmodules-text-link-box mt-text-link-box swiper-slide\"><a href=\"https:\/\/hempelglasmuseum.dk\/en\/cultural-programme\/\" rel=\"noopener\" target=\"_self\" class=\"mt-text-link-box__link\"><\/a><div class=\"mt-text-link-box__title-container\"><div class=\"mt-text-link-box__icon-container\"><img decoding=\"async\" class=\"mt-text-link-box__icon\" src=\"https:\/\/hempelglasmuseum.dk\/wp-content\/uploads\/2025\/04\/fi-rr-stage-concert.svg\" alt=\"\" style=\"object-position:center\"\/><\/div><h3 class=\"mt-title mt-text-link-box__title mt-title\">Cultural events<\/h3><\/div><p class=\"mt-text-link-box__text\">With its location and history, Hempel Glass Museum is a natural cultural hub in Odsherred, supported by a diverse Cultural programme<\/p><div class=\"mt-text-link-box__button-wrapper\"><div class=\"mt-text-link-box__button\">Learn more about the events<\/div><svg xmlns=\"http:\/\/www.w3.org\/2000\/svg\" width=\"18\" height=\"10\" viewBox=\"0 0 18 10\" fill=\"none\"><path d=\"M1 4.47876C0.654822 4.47876 0.375 4.75858 0.375 5.10376C0.375 5.44894 0.654822 5.72876 1 5.72876L1 4.47876ZM17.4419 5.5457C17.686 5.30163 17.686 4.9059 17.4419 4.66182L13.4645 0.684343C13.2204 0.440266 12.8247 0.440266 12.5806 0.684343C12.3365 0.928421 12.3365 1.32415 12.5806 1.56823L16.1161 5.10376L12.5806 8.63929C12.3365 8.88337 12.3365 9.2791 12.5806 9.52318C12.8247 9.76726 13.2204 9.76726 13.4645 9.52318L17.4419 5.5457ZM1 5.72876L17 5.72876L17 4.47876L1 4.47876L1 5.72876Z\"><\/path><\/svg><\/div><\/div>\n\n\n\n<div class=\"wp-block-morningmodules-text-link-box mt-text-link-box swiper-slide\"><a href=\"https:\/\/hempelglasmuseum.dk\/en\/shop-cafe-and-family-activities\/\" rel=\"noopener\" target=\"_self\" class=\"mt-text-link-box__link\"><\/a><div class=\"mt-text-link-box__title-container\"><div class=\"mt-text-link-box__icon-container\"><img decoding=\"async\" class=\"mt-text-link-box__icon\" src=\"https:\/\/hempelglasmuseum.dk\/wp-content\/uploads\/2025\/04\/fi-rr-family.svg\" alt=\"\" style=\"object-position:center\"\/><\/div><h3 class=\"mt-title mt-text-link-box__title mt-title\">Shop, caf\u00e9 &amp; family activities<\/h3><\/div><p class=\"mt-text-link-box__text\">A visit to the museum should also and always include good food, tempting products, and activities for all ages and abilities<\/p><div class=\"mt-text-link-box__button-wrapper\"><div class=\"mt-text-link-box__button\">See what to expect<\/div><svg xmlns=\"http:\/\/www.w3.org\/2000\/svg\" width=\"18\" height=\"10\" viewBox=\"0 0 18 10\" fill=\"none\"><path d=\"M1 4.47876C0.654822 4.47876 0.375 4.75858 0.375 5.10376C0.375 5.44894 0.654822 5.72876 1 5.72876L1 4.47876ZM17.4419 5.5457C17.686 5.30163 17.686 4.9059 17.4419 4.66182L13.4645 0.684343C13.2204 0.440266 12.8247 0.440266 12.5806 0.684343C12.3365 0.928421 12.3365 1.32415 12.5806 1.56823L16.1161 5.10376L12.5806 8.63929C12.3365 8.88337 12.3365 9.2791 12.5806 9.52318C12.8247 9.76726 13.2204 9.76726 13.4645 9.52318L17.4419 5.5457ZM1 5.72876L17 5.72876L17 4.47876L1 4.47876L1 5.72876Z\"><\/path><\/svg><\/div><\/div>\n<\/div><\/div><div class=\"mt-text-link-boxes__navigation swiper-bottom-container\"><div class=\"mt-text-link-boxes__swiper-progress swiper-progress\"><\/div><div class=\"mt-text-link-boxes__swiper-buttons swiper-buttons\"><div class=\"mt-text-link-boxes__swiper-button mt-text-link-boxes__swiper-button--prev swiper-button-prev\"><svg xmlns=\"http:\/\/www.w3.org\/2000\/svg\" fill=\"none\" viewBox=\"0 0 9 14\"><path stroke=\"#121212\" stroke-linecap=\"round\" stroke-linejoin=\"round\" stroke-width=\"1.5\" d=\"m1.6 1 6 6.316L1.6 13\"><\/path><\/svg><\/div><div class=\"mt-text-link-boxes__swiper-button mt-text-link-boxes__swiper-button--next swiper-button-next\"><svg xmlns=\"http:\/\/www.w3.org\/2000\/svg\" fill=\"none\" viewBox=\"0 0 9 14\"><path stroke=\"#121212\" stroke-linecap=\"round\" stroke-linejoin=\"round\" stroke-width=\"1.5\" d=\"m1.6 1 6 6.316L1.6 13\"><\/path><\/svg><\/div><\/div><\/div><\/div><\/div><\/div><\/section>\n\n\n\n<section class=\"mtSpacing-bottom-medium mtSpacing-top-medium wp-block-morningmodules-accordion-section mt-accordion-section\" id=\"contact-us\"><div class=\"mt-accordion-section__wrapper\"><div class=\"mt-accordion-section__inner\">\n<aside class=\"wp-block-morningmodules-accordion-text mt-accordion-section-text\">\n<h2 class=\"wp-block-heading\">Organisation<\/h2>\n\n\n\n<p class=\"wp-block-paragraph\">Who is behind the renovation, development, and management<\/p>\n\n\n\n<div class=\"wp-block-buttons is-layout-flex wp-block-buttons-is-layout-flex\"><\/div>\n<\/aside>\n\n\n\n<div class=\"wp-block-morningmodules-accordion mt-accordion\"><div class=\"mt-accordion__inner\">\n<div class=\"wp-block-morningmodules-accordion-item mt-accordion-item\"><div class=\"mt-accordion-item__title-wrapper\"><h3 class=\"mt-accordion-item__title\">Architects and building team<\/h3><\/div><div class=\"mt-accordion-item__content-wrapper\"><div class=\"mt-accordion-item__content\">\n<p class=\"wp-block-paragraph\">Client\/Developer: Hempel Ejendomme A\/S<br>Architects: Sweco Architects<br>Consultant for structures, fire safety, civil works, etc.: Sweco<br>Consultant for technical installations: Agreement Consulting<br>Environmental consultant: TRE<br>Construction management for buildings: Zencon<br>Construction management for technical installations: B\u00f8rthy &#8211; Skriver \u2013 Lundemann<\/p>\n<\/div><\/div><\/div>\n\n\n\n<div class=\"wp-block-morningmodules-accordion-item mt-accordion-item\"><div class=\"mt-accordion-item__title-wrapper\"><h3 class=\"mt-accordion-item__title\">The Hempel Foundation<\/h3><\/div><div class=\"mt-accordion-item__content-wrapper\"><div class=\"mt-accordion-item__content\">\n<p class=\"wp-block-paragraph\">A generous donation from the Hempel Foundation, established by J.C. Hempel in 1948, has made the ambitious renovation and upgrade of the museum buildings possible.<\/p>\n\n\n\n<p class=\"wp-block-paragraph\">Read more about the Foundation\u2019s work and history here: [Hempel Foundation]<\/p>\n<\/div><\/div><\/div>\n\n\n\n<div class=\"wp-block-morningmodules-accordion-item mt-accordion-item\"><div class=\"mt-accordion-item__title-wrapper\"><h3 class=\"mt-accordion-item__title\">The Foundation J. C. Hempel Glasmuseum<\/h3><\/div><div class=\"mt-accordion-item__content-wrapper\"><div class=\"mt-accordion-item__content\">\n<p class=\"wp-block-paragraph\">When Hempel Glass Museum (then known as <em>Anneberg Samlingerne<\/em>) was established in 1964, J.C. Hempel founded a new organisation, <strong>The<\/strong> <strong>Foundation Hempelske Kulturfond<\/strong>, and donated his glass collection to the newly created foundation. The foundation was tasked with overseeing the construction and operation of the museum\u2014responsibilities it still holds today.<br>Today the foundation is called <strong>Fonden J. C. Hempel Glasmuseum<\/strong>.<br>Furthermore, the Foundation is responsible for nominating the annual recipient of the Hempel Glass Prize.<\/p>\n\n\n\n<p class=\"wp-block-paragraph\"><strong>Board members:<\/strong><br><strong>Thomas C. Thulstrup<\/strong> (Chair) (standing for re-election 2027)<br><strong>Dagmar Brendstrup<\/strong> (Vice Chair) (standing for re-election 2026)<br><strong>Birgitte Snabe<\/strong> (also a member of the Hempel Foundation) (standing for re-election 2026)<br><strong>Jane Sandberg<\/strong> (standing for re-election 2028)<\/p>\n<\/div><\/div><\/div>\n\n\n\n<div class=\"wp-block-morningmodules-accordion-item mt-accordion-item\"><div class=\"mt-accordion-item__title-wrapper\"><h3 class=\"mt-accordion-item__title\">The Museum (contact)<\/h3><\/div><div class=\"mt-accordion-item__content-wrapper\"><div class=\"mt-accordion-item__content\">\n<p class=\"wp-block-paragraph\">Would you like to learn more about the renovation, take part in the cultural programme, become a supplier, employee, volunteer\u2014or something else? Then feel free to contact us.<\/p>\n\n\n\n<p class=\"wp-block-paragraph\"><strong>Hempel Glass Museum<\/strong><br>Annebjerg Str\u00e6de 2<br>4500 Nyk\u00f8bing Sj\u00e6lland<br><strong>Email:<\/strong> info@hempelglasmuseum.dk<br><strong>Website:<\/strong> <a href=\"http:\/\/www.hempelglasmuseum.dk\">www.hempelglasmuseum.dk<\/a><\/p>\n\n\n\n<p class=\"wp-block-paragraph\"><strong>Museum Director<\/strong><br>Helle Vitus Simonsen \u2013 <a href=\"mailto:hs@hempelglasmuseum.dk\">hs@hempelglasmuseum.dk<\/a><\/p>\n\n\n\n<p class=\"wp-block-paragraph\"><strong>Head of Exhibitions<\/strong> <strong>and Collections<\/strong><br>Helle Nanny Brendstrup \u2013 <a href=\"mailto:hb@hempelglasmuseum.dk\">hb@hempelglasmuseum.dk<\/a><\/p>\n\n\n\n<p class=\"wp-block-paragraph\"><strong>Facilities Manager<\/strong><br>Ren\u00e9 Gottliebsen \u2013 <a href=\"mailto:rg@hempelglasmuseum.dk\">rg@hempelglasmuseum.dk<\/a><\/p>\n<\/div><\/div><\/div>\n<\/div><\/div>\n<\/div><\/div><\/section>\n\n\n\n<div style=\"height:0px\" aria-hidden=\"true\" id=\"press\" class=\"wp-block-spacer\"><\/div>\n\n\n\n<section class=\"wp-block-morningmodules-breaker mt-breaker mt-breaker--white-text press\"><div class=\"mt-breaker__container\"><div class=\"mt-breaker__overlay mt-breaker__overlay--blend-mode-normal mt-breaker__overlay--opacity-3\"><\/div><div class=\"mt-breaker__image-container object-fit\"><video class=\"mt-breaker__image-container object-fit\" muted autoplay loop playsinline style=\"object-position:center\" src=\"https:\/\/hempelglasmuseum.dk\/wp-content\/uploads\/2025\/02\/f84c55f6c99f152dcd84fb0352743c108b698a25.mp4\"><\/video><\/div><div class=\"mt-breaker__inner page-container\"><div class=\"mt-breaker__text-container\"><h2 class=\"mt-title mt-breaker__title mt-title\">PRESS<\/h2>\n\n<p class=\"wp-block-paragraph\"><strong>The cover photo is a rendering by Sweco Architects and conveys an expectation of the upcoming museum&#8217;s appearance and atmosphere.<\/strong><br>To receive a high-resolution version of the photo \u2013 as well as statements, interviews, or other materials:<br>Please contact the museum director Helle Vitus Simonsen at hs@hempelglasmuseum.dk or +45 41933838<\/p>\n\n\n<div class=\"wp-block-buttons is-layout-flex wp-block-buttons-is-layout-flex\">\n\n<\/div>\n\n<\/div><\/div><\/div><\/section>\n","protected":false},"excerpt":{"rendered":"","protected":false},"author":1,"featured_media":0,"parent":0,"menu_order":0,"comment_status":"closed","ping_status":"closed","template":"","meta":{"_acf_changed":false,"footnotes":""},"class_list":["post-401","page","type-page","status-publish","hentry"],"acf":[],"_links":{"self":[{"href":"https:\/\/hempelglasmuseum.dk\/en\/wp-json\/wp\/v2\/pages\/401","targetHints":{"allow":["GET"]}}],"collection":[{"href":"https:\/\/hempelglasmuseum.dk\/en\/wp-json\/wp\/v2\/pages"}],"about":[{"href":"https:\/\/hempelglasmuseum.dk\/en\/wp-json\/wp\/v2\/types\/page"}],"author":[{"embeddable":true,"href":"https:\/\/hempelglasmuseum.dk\/en\/wp-json\/wp\/v2\/users\/1"}],"replies":[{"embeddable":true,"href":"https:\/\/hempelglasmuseum.dk\/en\/wp-json\/wp\/v2\/comments?post=401"}],"version-history":[{"count":10,"href":"https:\/\/hempelglasmuseum.dk\/en\/wp-json\/wp\/v2\/pages\/401\/revisions"}],"predecessor-version":[{"id":941,"href":"https:\/\/hempelglasmuseum.dk\/en\/wp-json\/wp\/v2\/pages\/401\/revisions\/941"}],"wp:attachment":[{"href":"https:\/\/hempelglasmuseum.dk\/en\/wp-json\/wp\/v2\/media?parent=401"}],"curies":[{"name":"wp","href":"https:\/\/api.w.org\/{rel}","templated":true}]}}